{"id":6518,"date":"2021-12-24T06:27:34","date_gmt":"2021-12-24T06:27:34","guid":{"rendered":"https:\/\/clinicajordimir.com\/equipo-medico\/"},"modified":"2025-03-18T08:17:18","modified_gmt":"2025-03-18T08:17:18","slug":"medical-team","status":"publish","type":"page","link":"https:\/\/clinicajordimir.com\/en\/medical-team\/","title":{"rendered":"Medical Team"},"content":{"rendered":"<p>[et_pb_section fb_built=&#8221;1&#8243; _builder_version=&#8221;4.16&#8243; _module_preset=&#8221;default&#8221; background_color=&#8221;#FFFFFF&#8221; custom_margin=&#8221;||||false|false&#8221; custom_padding=&#8221;||||false|false&#8221; saved_tabs=&#8221;all&#8221; global_colors_info=&#8221;{}&#8221;][et_pb_row _builder_version=&#8221;4.16&#8243; _module_preset=&#8221;default&#8221; custom_margin=&#8221;||||false|false&#8221; custom_padding=&#8221;||||false|false&#8221; global_colors_info=&#8221;{}&#8221;][et_pb_column type=&#8221;4_4&#8243; _builder_version=&#8221;4.16&#8243; _module_preset=&#8221;default&#8221; global_colors_info=&#8221;{}&#8221;][et_pb_text _builder_version=&#8221;4.17.3&#8243; _module_preset=&#8221;default&#8221; text_font=&#8221;||||||||&#8221; text_text_color=&#8221;#002666&#8243; text_font_size=&#8221;18px&#8221; text_line_height=&#8221;1.2em&#8221; header_text_color=&#8221;#002666&#8243; header_font_size=&#8221;50px&#8221; header_line_height=&#8221;1.1em&#8221; header_2_text_color=&#8221;#002666&#8243; header_2_font_size=&#8221;50px&#8221; header_2_line_height=&#8221;1.1em&#8221; width=&#8221;65%&#8221; width_tablet=&#8221;&#8221; width_phone=&#8221;100%&#8221; width_last_edited=&#8221;on|phone&#8221; custom_margin=&#8221;||||false|false&#8221; custom_padding=&#8221;||||false|false&#8221; header_font_size_tablet=&#8221;46px&#8221; header_font_size_phone=&#8221;30px&#8221; header_font_size_last_edited=&#8221;on|desktop&#8221; global_colors_info=&#8221;{}&#8221;]<\/p>\n<h1>Our team<\/h1>\n<p>[\/et_pb_text][et_pb_text _builder_version=&#8221;4.17.3&#8243; _module_preset=&#8221;default&#8221; text_font=&#8221;||||||||&#8221; text_text_color=&#8221;#002666&#8243; text_font_size=&#8221;18px&#8221; text_line_height=&#8221;1.3em&#8221; header_text_color=&#8221;#002666&#8243; header_font_size=&#8221;50px&#8221; header_line_height=&#8221;1.1em&#8221; header_2_text_color=&#8221;#002666&#8243; header_2_font_size=&#8221;50px&#8221; header_2_line_height=&#8221;1.1em&#8221; width=&#8221;50%&#8221; width_tablet=&#8221;&#8221; width_phone=&#8221;100%&#8221; width_last_edited=&#8221;on|phone&#8221; custom_margin=&#8221;||||false|false&#8221; custom_padding=&#8221;||||false|false&#8221; header_font_size_tablet=&#8221;46px&#8221; header_font_size_phone=&#8221;30px&#8221; header_font_size_last_edited=&#8221;on|desktop&#8221; custom_css_main_element=&#8221;font-weight:500;&#8221; global_colors_info=&#8221;{}&#8221;]<\/p>\n<p  style=\"padding-bottom: 0;\">Our main asset is you<\/p>\n<p style=\"font-weight:300; margin-top:0px\">\u201cEvery one of us on the team at Cl\u00ednica Jordi Mir are here to make your experience as rewarding as possible. Our main asset at Cl\u00ednica Jordi Mir is you, so your well-being is our top priority.\u201d<\/p>\n<p>Meet the team who\u2019ll take care of you:[\/et_pb_text][\/et_pb_column][\/et_pb_row][\/et_pb_section][et_pb_section fb_built=&#8221;1&#8243; _builder_version=&#8221;4.16&#8243; _module_preset=&#8221;default&#8221; custom_margin=&#8221;||0px||false|false&#8221; custom_padding=&#8221;||0px||false|false&#8221; global_colors_info=&#8221;{}&#8221;][et_pb_row column_structure=&#8221;1_3,1_3,1_3&#8243; custom_padding_last_edited=&#8221;on|desktop&#8221; module_class=&#8221;tres-col&#8221; _builder_version=&#8221;4.18.1&#8243; _module_preset=&#8221;default&#8221; module_alignment=&#8221;center&#8221; custom_margin=&#8221;||0px||false|false&#8221; custom_padding=&#8221;|12%|0px||false|false&#8221; custom_padding_tablet=&#8221;|0%|||false|false&#8221; custom_padding_phone=&#8221;|0%|||false|false&#8221; global_colors_info=&#8221;{}&#8221;][et_pb_column type=&#8221;1_3&#8243; _builder_version=&#8221;4.18.1&#8243; _module_preset=&#8221;default&#8221; global_colors_info=&#8221;{}&#8221;][et_pb_team_member name=&#8221;Marta Tapia&#8221; position=&#8221;Manager&#8221; image_url=&#8221;https:\/\/clinicajordimir.com\/wp-content\/uploads\/2023\/04\/Marta-tapia-clinica-jordi-mir.jpg&#8221; _builder_version=&#8221;4.18.1&#8243; _module_preset=&#8221;default&#8221; header_font=&#8221;Inter||||||||&#8221; header_text_color=&#8221;#8E8279&#8243; header_font_size=&#8221;16px&#8221; body_font_size=&#8221;12px&#8221; position_text_color=&#8221;#8E8279&#8243; position_font_size=&#8221;16px&#8221; position_line_height=&#8221;1.1em&#8221; body_link_font=&#8221;|600|||||||&#8221; body_link_font_size=&#8221;11px&#8221; body_link_letter_spacing=&#8221;1px&#8221; custom_css_member_image=&#8221;margin-bottom:30px;&#8221; custom_css_title=&#8221;margin-bottom:-8px;&#8221; custom_css_member_position=&#8221;margin-bottom:15px;&#8221; global_colors_info=&#8221;{}&#8221;][\/et_pb_team_member][\/et_pb_column][et_pb_column type=&#8221;1_3&#8243; _builder_version=&#8221;4.16&#8243; _module_preset=&#8221;default&#8221; global_colors_info=&#8221;{}&#8221;][\/et_pb_column][et_pb_column type=&#8221;1_3&#8243; _builder_version=&#8221;4.16&#8243; _module_preset=&#8221;default&#8221; global_colors_info=&#8221;{}&#8221;][\/et_pb_column][\/et_pb_row][\/et_pb_section][et_pb_section fb_built=&#8221;1&#8243; _builder_version=&#8221;4.16&#8243; _module_preset=&#8221;default&#8221; custom_margin=&#8221;||0px||false|false&#8221; custom_padding=&#8221;||0px||false|false&#8221; global_colors_info=&#8221;{}&#8221;][et_pb_row column_structure=&#8221;1_3,1_3,1_3&#8243; custom_padding_last_edited=&#8221;on|desktop&#8221; module_class=&#8221;tres-col&#8221; _builder_version=&#8221;4.18.1&#8243; _module_preset=&#8221;default&#8221; module_alignment=&#8221;center&#8221; custom_margin=&#8221;||||false|false&#8221; custom_padding=&#8221;|12%|0px||false|false&#8221; custom_padding_tablet=&#8221;|0%|||false|false&#8221; custom_padding_phone=&#8221;|0%|||false|false&#8221; global_colors_info=&#8221;{}&#8221;][et_pb_column type=&#8221;1_3&#8243; _builder_version=&#8221;4.16&#8243; _module_preset=&#8221;default&#8221; global_colors_info=&#8221;{}&#8221;][et_pb_team_member name=&#8221;Dr Juan Luis Mu\u00f1oz del Olmo &#8221; position=&#8221;Plastic surgeon expert in facial surgery&#8221; image_url=&#8221;data:image\/svg+xml;base64,PHN2ZyB3aWR0aD0iNTAwIiBoZWlnaHQ9IjUwMCIgdmlld0JveD0iMCAwIDUwMCA1MDAiIHhtbG5zPSJodHRwOi8vd3d3LnczLm9yZy8yMDAwL3N2ZyI+CiAgICA8ZyBmaWxsPSJub25lIiBmaWxsLXJ1bGU9ImV2ZW5vZGQiPgogICAgICAgIDxwYXRoIGZpbGw9IiNFQkVCRUIiIGQ9Ik0wIDBoNTAwdjUwMEgweiIvPgogICAgICAgIDxyZWN0IGZpbGwtb3BhY2l0eT0iLjEiIGZpbGw9IiMwMDAiIHg9IjY4IiB5PSIzMDUiIHdpZHRoPSIzNjQiIGhlaWdodD0iNTY4IiByeD0iMTgyIi8+CiAgICAgICAgPGNpcmNsZSBmaWxsLW9wYWNpdHk9Ii4xIiBmaWxsPSIjMDAwIiBjeD0iMjQ5IiBjeT0iMTcyIiByPSIxMDAiLz4KICAgIDwvZz4KPC9zdmc+Cg==&#8221; _builder_version=&#8221;4.18.1&#8243; _module_preset=&#8221;default&#8221; header_text_color=&#8221;#8E8279&#8243; header_font_size=&#8221;16px&#8221; position_text_color=&#8221;#8E8279&#8243; position_font_size=&#8221;16px&#8221; position_line_height=&#8221;1.1em&#8221; custom_css_member_image=&#8221;margin-bottom:30px;&#8221; custom_css_title=&#8221;margin-bottom:-8px;&#8221; custom_css_member_position=&#8221;margin-bottom:0px;&#8221; global_colors_info=&#8221;{}&#8221;][\/et_pb_team_member][\/et_pb_column][et_pb_column type=&#8221;1_3&#8243; _builder_version=&#8221;4.16&#8243; _module_preset=&#8221;default&#8221; global_colors_info=&#8221;{}&#8221;][et_pb_team_member name=&#8221;Dra Majo Rocha&#8221; position=&#8221;Aesthetic Doctor&#8221; image_url=&#8221;https:\/\/clinicajordimir.com\/wp-content\/uploads\/2023\/04\/Dra-Rocha-clinica-jordi-mir.jpg&#8221; _builder_version=&#8221;4.18.1&#8243; _module_preset=&#8221;default&#8221; header_font=&#8221;Inter||||||||&#8221; header_text_color=&#8221;#8E8279&#8243; header_font_size=&#8221;16px&#8221; body_font_size=&#8221;12px&#8221; position_text_color=&#8221;#8E8279&#8243; position_font_size=&#8221;16px&#8221; position_line_height=&#8221;1.1em&#8221; body_link_font=&#8221;|600|||||||&#8221; body_link_font_size=&#8221;11px&#8221; body_link_letter_spacing=&#8221;1px&#8221; custom_css_member_image=&#8221;margin-bottom:30px;&#8221; custom_css_title=&#8221;margin-bottom:-8px;&#8221; custom_css_member_position=&#8221;margin-bottom:15px;&#8221; global_colors_info=&#8221;{}&#8221;][\/et_pb_team_member][\/et_pb_column][et_pb_column type=&#8221;1_3&#8243; _builder_version=&#8221;4.16&#8243; _module_preset=&#8221;default&#8221; global_colors_info=&#8221;{}&#8221;][\/et_pb_column][\/et_pb_row][\/et_pb_section][et_pb_section fb_built=&#8221;1&#8243; _builder_version=&#8221;4.16&#8243; _module_preset=&#8221;default&#8221; custom_margin=&#8221;||0px||false|false&#8221; custom_padding=&#8221;||0px||false|false&#8221; global_colors_info=&#8221;{}&#8221;][et_pb_row column_structure=&#8221;1_3,1_3,1_3&#8243; custom_padding_last_edited=&#8221;on|desktop&#8221; module_class=&#8221;tres-col&#8221; _builder_version=&#8221;4.18.1&#8243; _module_preset=&#8221;default&#8221; module_alignment=&#8221;center&#8221; custom_margin=&#8221;||0px||false|false&#8221; custom_padding=&#8221;|12%|0px||false|false&#8221; custom_padding_tablet=&#8221;|0%|||false|false&#8221; custom_padding_phone=&#8221;|0%|||false|false&#8221; global_colors_info=&#8221;{}&#8221;][et_pb_column type=&#8221;1_3&#8243; _builder_version=&#8221;4.16&#8243; _module_preset=&#8221;default&#8221; global_colors_info=&#8221;{}&#8221;][et_pb_team_member name=&#8221;Gigi Parada &#8221; position=&#8221;Post-operative \/ Recovery &#8221; image_url=&#8221;https:\/\/clinicajordimir.com\/wp-content\/uploads\/2023\/04\/Gigi-parada-clinica-jordi-mir.jpg&#8221; _builder_version=&#8221;4.18.1&#8243; _module_preset=&#8221;default&#8221; header_font=&#8221;Inter||||||||&#8221; header_text_color=&#8221;#8E8279&#8243; header_font_size=&#8221;16px&#8221; body_font_size=&#8221;12px&#8221; position_text_color=&#8221;#8E8279&#8243; position_font_size=&#8221;16px&#8221; position_line_height=&#8221;1.1em&#8221; body_link_font=&#8221;|600|||||||&#8221; body_link_font_size=&#8221;11px&#8221; body_link_letter_spacing=&#8221;1px&#8221; custom_css_member_image=&#8221;margin-bottom:30px;&#8221; custom_css_title=&#8221;margin-bottom:-8px;&#8221; custom_css_member_position=&#8221;margin-bottom:15px;&#8221; global_colors_info=&#8221;{}&#8221;][\/et_pb_team_member][\/et_pb_column][et_pb_column type=&#8221;1_3&#8243; _builder_version=&#8221;4.16&#8243; _module_preset=&#8221;default&#8221; global_colors_info=&#8221;{}&#8221;][et_pb_team_member name=&#8221;Sara Ruiz &#8221; position=&#8221;Post-operative \/ Recovery &#8221; image_url=&#8221;https:\/\/clinicajordimir.com\/wp-content\/uploads\/2023\/04\/Sara-ruiz-clinica-jordi-mir.jpg&#8221; _builder_version=&#8221;4.18.1&#8243; _module_preset=&#8221;default&#8221; header_font=&#8221;Inter||||||||&#8221; header_text_color=&#8221;#8E8279&#8243; header_font_size=&#8221;16px&#8221; body_font_size=&#8221;12px&#8221; position_text_color=&#8221;#8E8279&#8243; position_font_size=&#8221;16px&#8221; position_line_height=&#8221;1.1em&#8221; body_link_font=&#8221;|600|||||||&#8221; body_link_font_size=&#8221;11px&#8221; body_link_letter_spacing=&#8221;1px&#8221; custom_css_member_image=&#8221;margin-bottom:30px;&#8221; custom_css_title=&#8221;margin-bottom:-8px;&#8221; custom_css_member_position=&#8221;margin-bottom:15px;&#8221; global_colors_info=&#8221;{}&#8221;][\/et_pb_team_member][\/et_pb_column][et_pb_column type=&#8221;1_3&#8243; _builder_version=&#8221;4.16&#8243; _module_preset=&#8221;default&#8221; global_colors_info=&#8221;{}&#8221;][et_pb_team_member name=&#8221;Nerea Montfort&#8221; position=&#8221;Pacient Care Service&#8221; image_url=&#8221;https:\/\/clinicajordimir.com\/wp-content\/uploads\/2023\/04\/Nerea-montfort-clinica-jordi-mir.jpg&#8221; _builder_version=&#8221;4.18.1&#8243; _module_preset=&#8221;default&#8221; header_font=&#8221;||||||||&#8221; header_text_color=&#8221;#8E8279&#8243; header_font_size=&#8221;16px&#8221; body_font_size=&#8221;12px&#8221; position_text_color=&#8221;#8E8279&#8243; position_font_size=&#8221;16px&#8221; position_line_height=&#8221;1.1em&#8221; body_link_font=&#8221;|600|||||||&#8221; body_link_font_size=&#8221;11px&#8221; body_link_letter_spacing=&#8221;1px&#8221; custom_css_member_image=&#8221;margin-bottom:30px;&#8221; custom_css_title=&#8221;margin-bottom:-8px;&#8221; custom_css_member_position=&#8221;margin-bottom:15px;&#8221; global_colors_info=&#8221;{}&#8221;][\/et_pb_team_member][\/et_pb_column][\/et_pb_row][\/et_pb_section][et_pb_section fb_built=&#8221;1&#8243; custom_padding_last_edited=&#8221;on|phone&#8221; _builder_version=&#8221;4.18.1&#8243; _module_preset=&#8221;default&#8221; custom_margin=&#8221;0px||0px||false|false&#8221; custom_padding=&#8221;||0px||false|false&#8221; custom_padding_tablet=&#8221;||||false|false&#8221; custom_padding_phone=&#8221;0px||||false|false&#8221; global_colors_info=&#8221;{}&#8221;][et_pb_row column_structure=&#8221;1_3,1_3,1_3&#8243; custom_padding_last_edited=&#8221;on|tablet&#8221; module_class=&#8221;tres-col&#8221; _builder_version=&#8221;4.18.1&#8243; _module_preset=&#8221;default&#8221; module_alignment=&#8221;center&#8221; custom_margin=&#8221;||0px|-10%|false|false&#8221; custom_padding=&#8221;|12%|0px||false|false&#8221; custom_padding_tablet=&#8221;|0%|||false|false&#8221; custom_padding_phone=&#8221;|0%|||false|false&#8221; custom_css_main_element=&#8221;margin-left:-10% !important;&#8221; global_colors_info=&#8221;{}&#8221;][et_pb_column type=&#8221;1_3&#8243; _builder_version=&#8221;4.16&#8243; _module_preset=&#8221;default&#8221; global_colors_info=&#8221;{}&#8221;][et_pb_team_member name=&#8221;Raquel Varas&#8221; position=&#8221;Front Desk&#8221; image_url=&#8221;https:\/\/clinicajordimir.com\/wp-content\/uploads\/2023\/04\/Raquel-varas-clinica-jordi-mir.jpg&#8221; _builder_version=&#8221;4.18.1&#8243; _module_preset=&#8221;default&#8221; header_font=&#8221;Inter||||||||&#8221; header_text_color=&#8221;#8E8279&#8243; header_font_size=&#8221;16px&#8221; body_font_size=&#8221;12px&#8221; position_text_color=&#8221;#8E8279&#8243; position_font_size=&#8221;16px&#8221; position_line_height=&#8221;1.1em&#8221; body_link_font=&#8221;|600|||||||&#8221; body_link_font_size=&#8221;11px&#8221; body_link_letter_spacing=&#8221;1px&#8221; custom_css_member_image=&#8221;margin-bottom:30px;&#8221; custom_css_title=&#8221;margin-bottom:-8px;&#8221; custom_css_member_position=&#8221;margin-bottom:15px;&#8221; global_colors_info=&#8221;{}&#8221;][\/et_pb_team_member][\/et_pb_column][et_pb_column type=&#8221;1_3&#8243; _builder_version=&#8221;4.16&#8243; _module_preset=&#8221;default&#8221; global_colors_info=&#8221;{}&#8221;][\/et_pb_column][et_pb_column type=&#8221;1_3&#8243; _builder_version=&#8221;4.16&#8243; _module_preset=&#8221;default&#8221; global_colors_info=&#8221;{}&#8221;][\/et_pb_column][\/et_pb_row][\/et_pb_section][et_pb_section fb_built=&#8221;1&#8243; custom_padding_last_edited=&#8221;on|phone&#8221; _builder_version=&#8221;4.18.1&#8243; _module_preset=&#8221;default&#8221; custom_margin=&#8221;0px||0px||false|false&#8221; custom_padding=&#8221;||||false|false&#8221; custom_padding_tablet=&#8221;||||false|false&#8221; custom_padding_phone=&#8221;0px||||false|false&#8221; global_colors_info=&#8221;{}&#8221;][et_pb_row column_structure=&#8221;1_3,1_3,1_3&#8243; custom_padding_last_edited=&#8221;on|tablet&#8221; module_class=&#8221;tres-col&#8221; _builder_version=&#8221;4.16&#8243; _module_preset=&#8221;default&#8221; module_alignment=&#8221;center&#8221; custom_margin=&#8221;|||-10%|false|false&#8221; custom_padding=&#8221;|12%|||false|false&#8221; custom_padding_tablet=&#8221;|0%|||false|false&#8221; custom_padding_phone=&#8221;|0%|||false|false&#8221; custom_css_main_element=&#8221;margin-left:-10% !important;&#8221; global_colors_info=&#8221;{}&#8221;][et_pb_column type=&#8221;1_3&#8243; _builder_version=&#8221;4.16&#8243; _module_preset=&#8221;default&#8221; global_colors_info=&#8221;{}&#8221;][et_pb_team_member name=&#8221;Sergio S\u00e1nchez Iglesias&#8221; position=&#8221;Communication and Social Media Manager&#8221; image_url=&#8221;https:\/\/clinicajordimir.com\/wp-content\/uploads\/2024\/04\/Sergio-Sanchez-clinica-jordi-mir.jpg&#8221; _builder_version=&#8221;4.18.1&#8243; _module_preset=&#8221;default&#8221; header_font=&#8221;||||||||&#8221; header_text_color=&#8221;#8E8279&#8243; header_font_size=&#8221;16px&#8221; body_font_size=&#8221;12px&#8221; position_text_color=&#8221;#8E8279&#8243; position_font_size=&#8221;16px&#8221; position_line_height=&#8221;1.1em&#8221; body_link_font=&#8221;|600|||||||&#8221; body_link_font_size=&#8221;11px&#8221; body_link_letter_spacing=&#8221;1px&#8221; custom_css_member_image=&#8221;margin-bottom:30px;&#8221; custom_css_title=&#8221;margin-bottom:-8px;&#8221; custom_css_member_position=&#8221;margin-bottom:15px;&#8221; global_colors_info=&#8221;{}&#8221;][\/et_pb_team_member][\/et_pb_column][et_pb_column type=&#8221;1_3&#8243; _builder_version=&#8221;4.16&#8243; _module_preset=&#8221;default&#8221; global_colors_info=&#8221;{}&#8221;][\/et_pb_column][et_pb_column type=&#8221;1_3&#8243; _builder_version=&#8221;4.16&#8243; _module_preset=&#8221;default&#8221; global_colors_info=&#8221;{}&#8221;][\/et_pb_column][\/et_pb_row][\/et_pb_section]<\/p>\n","protected":false},"excerpt":{"rendered":"<p>Our teamOur main asset is you \u201cEvery one of us on the team at Cl\u00ednica Jordi Mir are here to make your experience as rewarding as possible. Our main asset at Cl\u00ednica Jordi Mir is you, so your well-being is our top priority.\u201d Meet the team who\u2019ll take care of you:<\/p>\n","protected":false},"author":6,"featured_media":6837,"parent":0,"menu_order":0,"comment_status":"closed","ping_status":"closed","template":"","meta":{"_et_pb_use_builder":"on","_et_pb_old_content":"","_et_gb_content_width":"","_joinchat":[],"footnotes":""},"class_list":["post-6518","page","type-page","status-publish","has-post-thumbnail","hentry"],"yoast_head":"<!-- This site is optimized with the Yoast SEO plugin v25.2 - https:\/\/yoast.com\/wordpress\/plugins\/seo\/ -->\n<title>Medical Team Jordi Mir Clinic | Your cosmetic surgery clinic<\/title>\n<meta name=\"description\" content=\"Every one of us on the team at Cl\u00ednica Jordi Mir are here to make your experience as rewarding as possible.\" \/>\n<meta name=\"robots\" content=\"index, follow, max-snippet:-1, max-image-preview:large, max-video-preview:-1\" \/>\n<link rel=\"canonical\" href=\"https:\/\/clinicajordimir.com\/en\/medical-team\/\" \/>\n<meta property=\"og:locale\" content=\"en_US\" \/>\n<meta property=\"og:type\" content=\"article\" \/>\n<meta property=\"og:title\" content=\"Medical Team Jordi Mir Clinic | Your cosmetic surgery clinic\" \/>\n<meta property=\"og:description\" content=\"Every one of us on the team at Cl\u00ednica Jordi Mir are here to make your experience as rewarding as possible.\" \/>\n<meta property=\"og:url\" content=\"https:\/\/clinicajordimir.com\/en\/medical-team\/\" \/>\n<meta property=\"og:site_name\" content=\"Cl\u00ednica Jordi Mir\" \/>\n<meta property=\"article:modified_time\" content=\"2025-03-18T08:17:18+00:00\" \/>\n<meta property=\"og:image\" content=\"https:\/\/clinicajordimir.com\/wp-content\/uploads\/2022\/06\/jordi-mir-mejores-tecnologias-cirugia-corporal.jpg\" \/>\n\t<meta property=\"og:image:width\" content=\"1000\" \/>\n\t<meta property=\"og:image:height\" content=\"563\" \/>\n\t<meta property=\"og:image:type\" content=\"image\/jpeg\" \/>\n<meta name=\"twitter:card\" content=\"summary_large_image\" \/>\n<meta name=\"twitter:label1\" content=\"Est. reading time\" \/>\n\t<meta name=\"twitter:data1\" content=\"3 minutes\" \/>\n<!-- \/ Yoast SEO plugin. -->","yoast_head_json":{"title":"Medical Team Jordi Mir Clinic | Your cosmetic surgery clinic","description":"Every one of us on the team at Cl\u00ednica Jordi Mir are here to make your experience as rewarding as possible.","robots":{"index":"index","follow":"follow","max-snippet":"max-snippet:-1","max-image-preview":"max-image-preview:large","max-video-preview":"max-video-preview:-1"},"canonical":"https:\/\/clinicajordimir.com\/en\/medical-team\/","og_locale":"en_US","og_type":"article","og_title":"Medical Team Jordi Mir Clinic | Your cosmetic surgery clinic","og_description":"Every one of us on the team at Cl\u00ednica Jordi Mir are here to make your experience as rewarding as possible.","og_url":"https:\/\/clinicajordimir.com\/en\/medical-team\/","og_site_name":"Cl\u00ednica Jordi Mir","article_modified_time":"2025-03-18T08:17:18+00:00","og_image":[{"width":1000,"height":563,"url":"https:\/\/clinicajordimir.com\/wp-content\/uploads\/2022\/06\/jordi-mir-mejores-tecnologias-cirugia-corporal.jpg","type":"image\/jpeg"}],"twitter_card":"summary_large_image","twitter_misc":{"Est. reading time":"3 minutes"},"schema":{"@context":"https:\/\/schema.org","@graph":[{"@type":"WebPage","@id":"https:\/\/clinicajordimir.com\/en\/medical-team\/","url":"https:\/\/clinicajordimir.com\/en\/medical-team\/","name":"Medical Team Jordi Mir Clinic | Your cosmetic surgery clinic","isPartOf":{"@id":"https:\/\/clinicajordimir.com\/#website"},"primaryImageOfPage":{"@id":"https:\/\/clinicajordimir.com\/en\/medical-team\/#primaryimage"},"image":{"@id":"https:\/\/clinicajordimir.com\/en\/medical-team\/#primaryimage"},"thumbnailUrl":"https:\/\/i0.wp.com\/clinicajordimir.com\/wp-content\/uploads\/2022\/06\/jordi-mir-mejores-tecnologias-cirugia-corporal.jpg?fit=1000%2C563&ssl=1","datePublished":"2021-12-24T06:27:34+00:00","dateModified":"2025-03-18T08:17:18+00:00","description":"Every one of us on the team at Cl\u00ednica Jordi Mir are here to make your experience as rewarding as possible.","breadcrumb":{"@id":"https:\/\/clinicajordimir.com\/en\/medical-team\/#breadcrumb"},"inLanguage":"en-US","potentialAction":[{"@type":"ReadAction","target":["https:\/\/clinicajordimir.com\/en\/medical-team\/"]}]},{"@type":"ImageObject","inLanguage":"en-US","@id":"https:\/\/clinicajordimir.com\/en\/medical-team\/#primaryimage","url":"https:\/\/i0.wp.com\/clinicajordimir.com\/wp-content\/uploads\/2022\/06\/jordi-mir-mejores-tecnologias-cirugia-corporal.jpg?fit=1000%2C563&ssl=1","contentUrl":"https:\/\/i0.wp.com\/clinicajordimir.com\/wp-content\/uploads\/2022\/06\/jordi-mir-mejores-tecnologias-cirugia-corporal.jpg?fit=1000%2C563&ssl=1","width":1000,"height":563,"caption":"mejores tecnolog\u00edas cirug\u00eda corporal - Cl\u00ednica Jordi Mir"},{"@type":"BreadcrumbList","@id":"https:\/\/clinicajordimir.com\/en\/medical-team\/#breadcrumb","itemListElement":[{"@type":"ListItem","position":1,"name":"Portada","item":"https:\/\/clinicajordimir.com\/en\/"},{"@type":"ListItem","position":2,"name":"Medical Team"}]},{"@type":"WebSite","@id":"https:\/\/clinicajordimir.com\/#website","url":"https:\/\/clinicajordimir.com\/","name":"Cl\u00ednica Jordi Mir","description":"Experto en cirug\u00eda de pecho, aumento y reducci\u00f3n de pecho","potentialAction":[{"@type":"SearchAction","target":{"@type":"EntryPoint","urlTemplate":"https:\/\/clinicajordimir.com\/?s={search_term_string}"},"query-input":{"@type":"PropertyValueSpecification","valueRequired":true,"valueName":"search_term_string"}}],"inLanguage":"en-US"}]}},"jetpack_sharing_enabled":true,"_links":{"self":[{"href":"https:\/\/clinicajordimir.com\/en\/wp-json\/wp\/v2\/pages\/6518","targetHints":{"allow":["GET"]}}],"collection":[{"href":"https:\/\/clinicajordimir.com\/en\/wp-json\/wp\/v2\/pages"}],"about":[{"href":"https:\/\/clinicajordimir.com\/en\/wp-json\/wp\/v2\/types\/page"}],"author":[{"embeddable":true,"href":"https:\/\/clinicajordimir.com\/en\/wp-json\/wp\/v2\/users\/6"}],"replies":[{"embeddable":true,"href":"https:\/\/clinicajordimir.com\/en\/wp-json\/wp\/v2\/comments?post=6518"}],"version-history":[{"count":17,"href":"https:\/\/clinicajordimir.com\/en\/wp-json\/wp\/v2\/pages\/6518\/revisions"}],"predecessor-version":[{"id":8456,"href":"https:\/\/clinicajordimir.com\/en\/wp-json\/wp\/v2\/pages\/6518\/revisions\/8456"}],"wp:featuredmedia":[{"embeddable":true,"href":"https:\/\/clinicajordimir.com\/en\/wp-json\/wp\/v2\/media\/6837"}],"wp:attachment":[{"href":"https:\/\/clinicajordimir.com\/en\/wp-json\/wp\/v2\/media?parent=6518"}],"curies":[{"name":"wp","href":"https:\/\/api.w.org\/{rel}","templated":true}]}}